{"id":791,"date":"2024-01-18T14:10:42","date_gmt":"2024-01-18T12:10:42","guid":{"rendered":"https:\/\/maalaistalosipila.fi\/contact-information\/"},"modified":"2024-05-30T09:14:33","modified_gmt":"2024-05-30T06:14:33","slug":"contact-information","status":"publish","type":"page","link":"https:\/\/maalaistalosipila.fi\/en\/contact-information\/","title":{"rendered":"Contact information"},"content":{"rendered":"<h1>A warm welcome to Maalaistalo Sipil\u00e4.<\/h1>\n<div>\n<p><iframe width=\"100%\" height=\"650\" style=\"border: 0;\" src=\"https:\/\/www.google.com\/maps\/embed?pb=!1m18!1m12!1m3!1d911683.3654974296!2d25.672832735957854!3d62.60910765997237!2m3!1f0!2f0!3f0!3m2!1i1024!2i768!4f13.1!3m3!1m2!1s0x46853b50607ebc33%3A0x704cc04441d000b4!2sMaalaistalo%20Sipil%C3%A4!5e0!3m2!1sen!2sfi!4v1705918987993!5m2!1sen!2sfi\" allowfullscreen=\"allowfullscreen\" loading=\"lazy\" referrerpolicy=\"no-referrer-when-downgrade\"><\/iframe><\/p>\n<\/div>\n<ul>\n<li>\n<div>\n<p>Venetm\u00e4entie 215 A<\/p>\n<\/div>\n<\/li>\n<li>\n<div>\n<p>77120 Venetm\u00e4ki<\/p>\n<\/div>\n<\/li>\n<\/ul>\n<ul>\n<li>\n<h3>Phone<\/h3>\n<p>8am to 8pm<\/p>\n<p><a href=\"tel:+35853313663\">+358 50 331 3663<\/a><\/p>\n<\/li>\n<li>\n<h3>E-Mail<\/h3>\n<p>info@maalaistalosipila.fi<\/p>\n<\/li>\n<\/ul>\n<p>\n    <a href=\"https:\/\/www.booking.com\/hotel\/fi\/maalaistalo-sipila.fi.html\">Booking.com<\/a>\n<\/p>\n<div>You can see the booking calendar at Booking.com website. If you book directly from the owner, the price is lower.<\/div>\n<h1>Send us a message<\/h1>\n<div><style id=\"wpforms-css-vars-221\">\n\t\t\t\t#wpforms-221 {\n\t\t\t\t\n\t\t\t}\n\t\t\t<\/style><div class=\"wpforms-container wpforms-container-full wpforms-render-modern\" id=\"wpforms-221\"><form id=\"wpforms-form-221\" class=\"wpforms-validate wpforms-form wpforms-ajax-form\" data-formid=\"221\" method=\"post\" enctype=\"multipart\/form-data\" action=\"\/en\/wp-json\/wp\/v2\/pages\/791\" data-token=\"d6bcfed52efa1bad5c31abcbd659f26b\" data-token-time=\"1776200155\"><noscript class=\"wpforms-error-noscript\">Please enable JavaScript in your browser to complete this form.<\/noscript><div id=\"wpforms-error-noscript\" style=\"display: none;\">Please enable JavaScript in your browser to complete this form.<\/div><div class=\"wpforms-field-container\"><div id=\"wpforms-221-field_0-container\" class=\"wpforms-field wpforms-field-name\" data-field-id=\"0\"><label class=\"wpforms-field-label\" for=\"wpforms-221-field_0\">Name <span class=\"wpforms-required-label\" aria-hidden=\"true\">*<\/span><\/label><input type=\"text\" id=\"wpforms-221-field_0\" class=\"wpforms-field-large wpforms-field-required\" name=\"wpforms[fields][0]\" aria-errormessage=\"wpforms-221-field_0-error\" required><\/div><div id=\"wpforms-221-field_1-container\" class=\"wpforms-field wpforms-field-email\" data-field-id=\"1\"><label class=\"wpforms-field-label\" for=\"wpforms-221-field_1\">Email <span class=\"wpforms-required-label\" aria-hidden=\"true\">*<\/span><\/label><input type=\"email\" id=\"wpforms-221-field_1\" class=\"wpforms-field-large wpforms-field-required\" name=\"wpforms[fields][1]\" spellcheck=\"false\" aria-errormessage=\"wpforms-221-field_1-error\" required><\/div><div id=\"wpforms-221-field_3-container\" class=\"wpforms-field wpforms-field-date-time\" data-field-id=\"3\"><label class=\"wpforms-field-label\" for=\"wpforms-221-field_3\">Arrival<\/label><div class=\"wpforms-datepicker-wrap\"><input type=\"text\" id=\"wpforms-221-field_3\" class=\"wpforms-field-date-time-date wpforms-datepicker wpforms-field-large\" data-date-format=\"m\/d\/Y\" data-disable-past-dates=\"0\" data-input=\"true\" name=\"wpforms[fields][3][date]\" aria-errormessage=\"wpforms-221-field_3-error\" ><a title=\"Clear Date\" data-clear role=\"button\" tabindex=\"0\" class=\"wpforms-datepicker-clear\" aria-label=\"Clear Date\" style=\"display:none;\"><\/a><\/div><\/div><div id=\"wpforms-221-field_4-container\" class=\"wpforms-field wpforms-field-date-time\" data-field-id=\"4\"><label class=\"wpforms-field-label\" for=\"wpforms-221-field_4\">Departure<\/label><div class=\"wpforms-datepicker-wrap\"><input type=\"text\" id=\"wpforms-221-field_4\" class=\"wpforms-field-date-time-date wpforms-datepicker wpforms-field-large\" data-date-format=\"m\/d\/Y\" data-disable-past-dates=\"0\" data-input=\"true\" name=\"wpforms[fields][4][date]\" aria-errormessage=\"wpforms-221-field_4-error\" ><a title=\"Clear Date\" data-clear role=\"button\" tabindex=\"0\" class=\"wpforms-datepicker-clear\" aria-label=\"Clear Date\" style=\"display:none;\"><\/a><\/div><\/div><div id=\"wpforms-221-field_2-container\" class=\"wpforms-field wpforms-field-textarea\" data-field-id=\"2\"><label class=\"wpforms-field-label\" for=\"wpforms-221-field_2\">Message<\/label><textarea id=\"wpforms-221-field_2\" class=\"wpforms-field-medium\" name=\"wpforms[fields][2]\" aria-errormessage=\"wpforms-221-field_2-error\" ><\/textarea><\/div><\/div><!-- .wpforms-field-container --><div class=\"wpforms-recaptcha-container wpforms-is-recaptcha wpforms-is-recaptcha-type-v3\" ><input type=\"hidden\" name=\"wpforms[recaptcha]\" value=\"\"><\/div><div class=\"wpforms-submit-container\" ><input type=\"hidden\" name=\"wpforms[id]\" value=\"221\"><input type=\"hidden\" name=\"page_title\" value=\"\"><input type=\"hidden\" name=\"page_url\" value=\"https:\/\/maalaistalosipila.fi\/en\/wp-json\/wp\/v2\/pages\/791\"><input type=\"hidden\" name=\"url_referer\" value=\"\"><button type=\"submit\" name=\"wpforms[submit]\" id=\"wpforms-submit-221\" class=\"wpforms-submit\" data-alt-text=\"Sending...\" data-submit-text=\"Send\" aria-live=\"assertive\" value=\"wpforms-submit\">Send<\/button><img decoding=\"async\" src=\"https:\/\/maalaistalosipila.fi\/wp-content\/plugins\/wpforms\/assets\/images\/submit-spin.svg\" class=\"wpforms-submit-spinner\" style=\"display: none;\" width=\"26\" height=\"26\" alt=\"Loading\"><\/div><\/form><\/div>  <!-- .wpforms-container -->\t<\/div>\n<p><!--more--><br \/>\n<!-- {\"type\":\"layout\",\"children\":[{\"name\":\"Hero\",\"type\":\"section\",\"props\":{\"animation\":\"scale-up\",\"image\":\"wp-content\\\/uploads\\\/2024\\\/01\\\/aitaa-syreenit.jpg\",\"image_loading\":true,\"image_position\":\"center-center\",\"image_size\":\"cover\",\"padding\":\"xlarge\",\"style\":\"default\",\"text_color\":\"light\",\"title_breakpoint\":\"xl\",\"title_position\":\"top-left\",\"title_rotation\":\"left\",\"vertical_align\":\"\",\"width\":\"large\"},\"children\":[{\"type\":\"row\",\"children\":[{\"type\":\"column\",\"props\":{\"image_position\":\"center-center\",\"position_sticky_breakpoint\":\"m\",\"width_medium\":\"1-1\"},\"children\":[{\"type\":\"headline\",\"props\":{\"animation\":\"parallax\",\"content\":\"A warm welcome to Maalaistalo Sipil\\u00e4.\",\"maxwidth\":\"2xlarge\",\"parallax_breakpoint\":\"m\",\"parallax_easing\":\"1\",\"parallax_y\":\"0,-50\",\"title_element\":\"h1\",\"title_style\":\"heading-medium\"}}]}]}]},{\"name\":\"Contact\",\"type\":\"section\",\"props\":{\"image_position\":\"center-center\",\"padding\":\"none\",\"padding_remove_top\":true,\"style\":\"default\",\"title_breakpoint\":\"xl\",\"title_position\":\"top-left\",\"title_rotation\":\"left\",\"vertical_align\":\"\",\"width\":\"\"},\"children\":[{\"type\":\"row\",\"props\":{\"column_gap\":\"collapse\",\"layout\":\"2-3,1-3\",\"row_gap\":\"collapse\"},\"children\":[{\"type\":\"column\",\"props\":{\"image_position\":\"center-center\",\"position_sticky_breakpoint\":\"m\",\"width_large\":\"2-3\"},\"children\":[{\"type\":\"text\",\"props\":{\"column_breakpoint\":\"m\",\"content\":\"\n\n<p><iframe width=\\\"100%\\\" height=\\\"650\\\" style=\\\"border: 0;\\\" src=\\\"https:\\\/\\\/www.google.com\\\/maps\\\/embed?pb=!1m18!1m12!1m3!1d911683.3654974296!2d25.672832735957854!3d62.60910765997237!2m3!1f0!2f0!3f0!3m2!1i1024!2i768!4f13.1!3m3!1m2!1s0x46853b50607ebc33%3A0x704cc04441d000b4!2sMaalaistalo%20Sipil%C3%A4!5e0!3m2!1sen!2sfi!4v1705918987993!5m2!1sen!2sfi\\\" allowfullscreen=\\\"allowfullscreen\\\" loading=\\\"lazy\\\" referrerpolicy=\\\"no-referrer-when-downgrade\\\"><\\\/iframe><\\\/p>\",\"margin\":\"default\"},\"name\":\"kartta\"}]},{\"type\":\"column\",\"props\":{\"image_position\":\"center-center\",\"position_sticky_breakpoint\":\"m\",\"preserve_color\":false,\"style\":\"card-default\",\"vertical_align\":\"middle\",\"width_large\":\"1-3\"},\"children\":[{\"type\":\"list\",\"props\":{\"animation\":\"parallax\",\"column_breakpoint\":\"m\",\"content_style\":\"h3\",\"image_align\":\"left\",\"image_svg_color\":\"emphasis\",\"image_vertical_align\":true,\"list_element\":\"ul\",\"list_horizontal_separator\":\", \",\"list_type\":\"vertical\",\"margin\":\"large\",\"parallax_breakpoint\":\"m\",\"parallax_easing\":\"1\",\"parallax_end\":\"70vh + 70%\",\"parallax_y\":\"30,0\",\"show_image\":true,\"show_link\":true,\"text_align\":\"left\"},\"children\":[{\"type\":\"list_item\",\"props\":{\"content\":\"\n\n<p>Venetm\\u00e4entie 215 A<\\\/p>\"}},{\"type\":\"list_item\",\"props\":{\"content\":\"\n\n<p>77120 Venetm\\u00e4ki<\\\/p>\"}}]},{\"type\":\"description_list\",\"props\":{\"animation\":\"none\",\"column_breakpoint\":\"m\",\"layout\":\"grid-2\",\"list_element\":\"ul\",\"meta_align\":\"below-content\",\"meta_style\":\"\",\"show_content\":true,\"show_link\":true,\"show_meta\":true,\"show_title\":true,\"title_colon\":false,\"title_color\":\"muted\",\"title_element\":\"div\",\"title_grid_column_gap\":\"\",\"title_grid_row_gap\":\"\",\"title_grid_width\":\"small\",\"title_leader\":true,\"title_style\":\"text-bold\"},\"children\":[{\"type\":\"description_list_item\",\"props\":{\"content\":\"+358 50 331 3663\",\"link\":\"tel:+35853313663\",\"meta\":\"8am to 8pm\",\"title\":\"Phone\"}},{\"type\":\"description_list_item\",\"props\":{\"content\":\"\",\"link\":\"mailto:info@maalaistalosipila.fi\",\"meta\":\"info@maalaistalosipila.fi\",\"title\":\"E-Mail\"}}]},{\"type\":\"button\",\"props\":{\"grid_column_gap\":\"small\",\"grid_row_gap\":\"small\",\"margin\":\"default\"},\"children\":[{\"type\":\"button_item\",\"props\":{\"button_style\":\"default\",\"content\":\"Booking.com\",\"icon_align\":\"left\",\"link\":\"https:\\\/\\\/www.booking.com\\\/hotel\\\/fi\\\/maalaistalo-sipila.fi.html\",\"link_target\":\"blank\"}}]},{\"type\":\"text\",\"props\":{\"column_breakpoint\":\"m\",\"content\":\"You can see the booking calendar at Booking.com website. If you book directly from the owner, the price is lower.\",\"margin\":\"default\"}}]}]}]},{\"type\":\"section\",\"props\":{\"image_position\":\"center-center\",\"style\":\"default\",\"title_breakpoint\":\"xl\",\"title_position\":\"top-left\",\"title_rotation\":\"left\",\"vertical_align\":\"\",\"width\":\"small\"},\"children\":[{\"type\":\"row\",\"children\":[{\"type\":\"column\",\"props\":{\"image_position\":\"center-center\",\"position_sticky_breakpoint\":\"m\"},\"children\":[{\"type\":\"headline\",\"props\":{\"content\":\"Send us a message\",\"title_element\":\"h1\"}},{\"type\":\"text\",\"props\":{\"column_breakpoint\":\"m\",\"content\":\"[wpforms id=\\\"221\\\"]\\t\",\"margin\":\"default\"}}]}]}]}],\"version\":\"4.4.2\"} --><\/p>\n","protected":false},"excerpt":{"rendered":"<p>A warm welcome to Maalaistalo Sipil\u00e4. Venetm\u00e4entie 215 A 77120 Venetm\u00e4ki Phone 8am to 8pm +358 50 331 3663 E-Mail info@maalaistalosipila.fi Booking.com You can see the booking calendar at Booking.com website. If you book directly from the owner, the price is lower. Send us a message<\/p>\n","protected":false},"author":1,"featured_media":498,"parent":0,"menu_order":0,"comment_status":"closed","ping_status":"closed","template":"","meta":{"footnotes":""},"class_list":["post-791","page","type-page","status-publish","has-post-thumbnail","hentry"],"yoast_head":"<!-- This site is optimized with the Yoast SEO plugin v27.3 - https:\/\/yoast.com\/product\/yoast-seo-wordpress\/ -->\n<title>Contact information - Maalaistalo Sipil\u00e4, Venetm\u00e4ki<\/title>\n<meta name=\"description\" content=\"Ask more or book accommodation +358 50 331 3663 (8am to 8pm), info@maalaistalosipila.fi. A warm welcome to the Farmhouse in Sipil\u00e4, Venetm\u00e4ki.\" \/>\n<meta name=\"robots\" content=\"index, follow, max-snippet:-1, max-image-preview:large, max-video-preview:-1\" \/>\n<link rel=\"canonical\" href=\"https:\/\/maalaistalosipila.fi\/en\/contact-information\/\" \/>\n<meta property=\"og:locale\" content=\"en_US\" \/>\n<meta property=\"og:type\" content=\"article\" \/>\n<meta property=\"og:title\" content=\"Contact information - Maalaistalo Sipil\u00e4, Venetm\u00e4ki\" \/>\n<meta property=\"og:description\" content=\"Ask more or book accommodation +358 50 331 3663 (8am to 8pm), info@maalaistalosipila.fi. A warm welcome to the Farmhouse in Sipil\u00e4, Venetm\u00e4ki.\" \/>\n<meta property=\"og:url\" content=\"https:\/\/maalaistalosipila.fi\/en\/contact-information\/\" \/>\n<meta property=\"og:site_name\" content=\"Maalaistalo Sipil\u00e4, Venetm\u00e4ki\" \/>\n<meta property=\"article:publisher\" content=\"https:\/\/www.facebook.com\/MaalaistaloSipila\" \/>\n<meta property=\"article:modified_time\" content=\"2024-05-30T06:14:33+00:00\" \/>\n<meta property=\"og:image\" content=\"https:\/\/maalaistalosipila.fi\/wp-content\/uploads\/2024\/01\/aitaa-syreenit.jpg\" \/>\n\t<meta property=\"og:image:width\" content=\"1920\" \/>\n\t<meta property=\"og:image:height\" content=\"1080\" \/>\n\t<meta property=\"og:image:type\" content=\"image\/jpeg\" \/>\n<meta name=\"twitter:card\" content=\"summary_large_image\" \/>\n<meta name=\"twitter:label1\" content=\"Est. reading time\" \/>\n\t<meta name=\"twitter:data1\" content=\"1 minute\" \/>\n<script type=\"application\/ld+json\" class=\"yoast-schema-graph\">{\"@context\":\"https:\\\/\\\/schema.org\",\"@graph\":[{\"@type\":\"WebPage\",\"@id\":\"https:\\\/\\\/maalaistalosipila.fi\\\/en\\\/contact-information\\\/\",\"url\":\"https:\\\/\\\/maalaistalosipila.fi\\\/en\\\/contact-information\\\/\",\"name\":\"Contact information - Maalaistalo Sipil\u00e4, Venetm\u00e4ki\",\"isPartOf\":{\"@id\":\"https:\\\/\\\/maalaistalosipila.fi\\\/en\\\/#website\"},\"primaryImageOfPage\":{\"@id\":\"https:\\\/\\\/maalaistalosipila.fi\\\/en\\\/contact-information\\\/#primaryimage\"},\"image\":{\"@id\":\"https:\\\/\\\/maalaistalosipila.fi\\\/en\\\/contact-information\\\/#primaryimage\"},\"thumbnailUrl\":\"https:\\\/\\\/maalaistalosipila.fi\\\/wp-content\\\/uploads\\\/2024\\\/01\\\/aitaa-syreenit.jpg\",\"datePublished\":\"2024-01-18T12:10:42+00:00\",\"dateModified\":\"2024-05-30T06:14:33+00:00\",\"description\":\"Ask more or book accommodation +358 50 331 3663 (8am to 8pm), info@maalaistalosipila.fi. A warm welcome to the Farmhouse in Sipil\u00e4, Venetm\u00e4ki.\",\"breadcrumb\":{\"@id\":\"https:\\\/\\\/maalaistalosipila.fi\\\/en\\\/contact-information\\\/#breadcrumb\"},\"inLanguage\":\"en-US\",\"potentialAction\":[{\"@type\":\"ReadAction\",\"target\":[\"https:\\\/\\\/maalaistalosipila.fi\\\/en\\\/contact-information\\\/\"]}]},{\"@type\":\"ImageObject\",\"inLanguage\":\"en-US\",\"@id\":\"https:\\\/\\\/maalaistalosipila.fi\\\/en\\\/contact-information\\\/#primaryimage\",\"url\":\"https:\\\/\\\/maalaistalosipila.fi\\\/wp-content\\\/uploads\\\/2024\\\/01\\\/aitaa-syreenit.jpg\",\"contentUrl\":\"https:\\\/\\\/maalaistalosipila.fi\\\/wp-content\\\/uploads\\\/2024\\\/01\\\/aitaa-syreenit.jpg\",\"width\":1920,\"height\":1080},{\"@type\":\"BreadcrumbList\",\"@id\":\"https:\\\/\\\/maalaistalosipila.fi\\\/en\\\/contact-information\\\/#breadcrumb\",\"itemListElement\":[{\"@type\":\"ListItem\",\"position\":1,\"name\":\"Etusivu\",\"item\":\"https:\\\/\\\/maalaistalosipila.fi\\\/en\\\/\"},{\"@type\":\"ListItem\",\"position\":2,\"name\":\"Contact information\"}]},{\"@type\":\"WebSite\",\"@id\":\"https:\\\/\\\/maalaistalosipila.fi\\\/en\\\/#website\",\"url\":\"https:\\\/\\\/maalaistalosipila.fi\\\/en\\\/\",\"name\":\"Maalaistalo Sipila\",\"description\":\"Majoitu maatilalla, j\u00e4rven rannalla\",\"publisher\":{\"@id\":\"https:\\\/\\\/maalaistalosipila.fi\\\/en\\\/#organization\"},\"potentialAction\":[{\"@type\":\"SearchAction\",\"target\":{\"@type\":\"EntryPoint\",\"urlTemplate\":\"https:\\\/\\\/maalaistalosipila.fi\\\/en\\\/?s={search_term_string}\"},\"query-input\":{\"@type\":\"PropertyValueSpecification\",\"valueRequired\":true,\"valueName\":\"search_term_string\"}}],\"inLanguage\":\"en-US\"},{\"@type\":\"Organization\",\"@id\":\"https:\\\/\\\/maalaistalosipila.fi\\\/en\\\/#organization\",\"name\":\"Maalaistalo Sipila\",\"url\":\"https:\\\/\\\/maalaistalosipila.fi\\\/en\\\/\",\"logo\":{\"@type\":\"ImageObject\",\"inLanguage\":\"en-US\",\"@id\":\"https:\\\/\\\/maalaistalosipila.fi\\\/en\\\/#\\\/schema\\\/logo\\\/image\\\/\",\"url\":\"https:\\\/\\\/maalaistalosipila.fi\\\/wp-content\\\/uploads\\\/2024\\\/01\\\/Maalaistalo-Sipila-Logo.png\",\"contentUrl\":\"https:\\\/\\\/maalaistalosipila.fi\\\/wp-content\\\/uploads\\\/2024\\\/01\\\/Maalaistalo-Sipila-Logo.png\",\"width\":200,\"height\":200,\"caption\":\"Maalaistalo Sipila\"},\"image\":{\"@id\":\"https:\\\/\\\/maalaistalosipila.fi\\\/en\\\/#\\\/schema\\\/logo\\\/image\\\/\"},\"sameAs\":[\"https:\\\/\\\/www.facebook.com\\\/MaalaistaloSipila\",\"https:\\\/\\\/www.instagram.com\\\/MaalaistaloSipila\"]}]}<\/script>\n<!-- \/ Yoast SEO plugin. -->","yoast_head_json":{"title":"Contact information - Maalaistalo Sipil\u00e4, Venetm\u00e4ki","description":"Ask more or book accommodation +358 50 331 3663 (8am to 8pm), info@maalaistalosipila.fi. A warm welcome to the Farmhouse in Sipil\u00e4, Venetm\u00e4ki.","robots":{"index":"index","follow":"follow","max-snippet":"max-snippet:-1","max-image-preview":"max-image-preview:large","max-video-preview":"max-video-preview:-1"},"canonical":"https:\/\/maalaistalosipila.fi\/en\/contact-information\/","og_locale":"en_US","og_type":"article","og_title":"Contact information - Maalaistalo Sipil\u00e4, Venetm\u00e4ki","og_description":"Ask more or book accommodation +358 50 331 3663 (8am to 8pm), info@maalaistalosipila.fi. A warm welcome to the Farmhouse in Sipil\u00e4, Venetm\u00e4ki.","og_url":"https:\/\/maalaistalosipila.fi\/en\/contact-information\/","og_site_name":"Maalaistalo Sipil\u00e4, Venetm\u00e4ki","article_publisher":"https:\/\/www.facebook.com\/MaalaistaloSipila","article_modified_time":"2024-05-30T06:14:33+00:00","og_image":[{"width":1920,"height":1080,"url":"https:\/\/maalaistalosipila.fi\/wp-content\/uploads\/2024\/01\/aitaa-syreenit.jpg","type":"image\/jpeg"}],"twitter_card":"summary_large_image","twitter_misc":{"Est. reading time":"1 minute"},"schema":{"@context":"https:\/\/schema.org","@graph":[{"@type":"WebPage","@id":"https:\/\/maalaistalosipila.fi\/en\/contact-information\/","url":"https:\/\/maalaistalosipila.fi\/en\/contact-information\/","name":"Contact information - Maalaistalo Sipil\u00e4, Venetm\u00e4ki","isPartOf":{"@id":"https:\/\/maalaistalosipila.fi\/en\/#website"},"primaryImageOfPage":{"@id":"https:\/\/maalaistalosipila.fi\/en\/contact-information\/#primaryimage"},"image":{"@id":"https:\/\/maalaistalosipila.fi\/en\/contact-information\/#primaryimage"},"thumbnailUrl":"https:\/\/maalaistalosipila.fi\/wp-content\/uploads\/2024\/01\/aitaa-syreenit.jpg","datePublished":"2024-01-18T12:10:42+00:00","dateModified":"2024-05-30T06:14:33+00:00","description":"Ask more or book accommodation +358 50 331 3663 (8am to 8pm), info@maalaistalosipila.fi. A warm welcome to the Farmhouse in Sipil\u00e4, Venetm\u00e4ki.","breadcrumb":{"@id":"https:\/\/maalaistalosipila.fi\/en\/contact-information\/#breadcrumb"},"inLanguage":"en-US","potentialAction":[{"@type":"ReadAction","target":["https:\/\/maalaistalosipila.fi\/en\/contact-information\/"]}]},{"@type":"ImageObject","inLanguage":"en-US","@id":"https:\/\/maalaistalosipila.fi\/en\/contact-information\/#primaryimage","url":"https:\/\/maalaistalosipila.fi\/wp-content\/uploads\/2024\/01\/aitaa-syreenit.jpg","contentUrl":"https:\/\/maalaistalosipila.fi\/wp-content\/uploads\/2024\/01\/aitaa-syreenit.jpg","width":1920,"height":1080},{"@type":"BreadcrumbList","@id":"https:\/\/maalaistalosipila.fi\/en\/contact-information\/#breadcrumb","itemListElement":[{"@type":"ListItem","position":1,"name":"Etusivu","item":"https:\/\/maalaistalosipila.fi\/en\/"},{"@type":"ListItem","position":2,"name":"Contact information"}]},{"@type":"WebSite","@id":"https:\/\/maalaistalosipila.fi\/en\/#website","url":"https:\/\/maalaistalosipila.fi\/en\/","name":"Maalaistalo Sipila","description":"Majoitu maatilalla, j\u00e4rven rannalla","publisher":{"@id":"https:\/\/maalaistalosipila.fi\/en\/#organization"},"potentialAction":[{"@type":"SearchAction","target":{"@type":"EntryPoint","urlTemplate":"https:\/\/maalaistalosipila.fi\/en\/?s={search_term_string}"},"query-input":{"@type":"PropertyValueSpecification","valueRequired":true,"valueName":"search_term_string"}}],"inLanguage":"en-US"},{"@type":"Organization","@id":"https:\/\/maalaistalosipila.fi\/en\/#organization","name":"Maalaistalo Sipila","url":"https:\/\/maalaistalosipila.fi\/en\/","logo":{"@type":"ImageObject","inLanguage":"en-US","@id":"https:\/\/maalaistalosipila.fi\/en\/#\/schema\/logo\/image\/","url":"https:\/\/maalaistalosipila.fi\/wp-content\/uploads\/2024\/01\/Maalaistalo-Sipila-Logo.png","contentUrl":"https:\/\/maalaistalosipila.fi\/wp-content\/uploads\/2024\/01\/Maalaistalo-Sipila-Logo.png","width":200,"height":200,"caption":"Maalaistalo Sipila"},"image":{"@id":"https:\/\/maalaistalosipila.fi\/en\/#\/schema\/logo\/image\/"},"sameAs":["https:\/\/www.facebook.com\/MaalaistaloSipila","https:\/\/www.instagram.com\/MaalaistaloSipila"]}]}},"_links":{"self":[{"href":"https:\/\/maalaistalosipila.fi\/en\/wp-json\/wp\/v2\/pages\/791","targetHints":{"allow":["GET"]}}],"collection":[{"href":"https:\/\/maalaistalosipila.fi\/en\/wp-json\/wp\/v2\/pages"}],"about":[{"href":"https:\/\/maalaistalosipila.fi\/en\/wp-json\/wp\/v2\/types\/page"}],"author":[{"embeddable":true,"href":"https:\/\/maalaistalosipila.fi\/en\/wp-json\/wp\/v2\/users\/1"}],"replies":[{"embeddable":true,"href":"https:\/\/maalaistalosipila.fi\/en\/wp-json\/wp\/v2\/comments?post=791"}],"version-history":[{"count":7,"href":"https:\/\/maalaistalosipila.fi\/en\/wp-json\/wp\/v2\/pages\/791\/revisions"}],"predecessor-version":[{"id":990,"href":"https:\/\/maalaistalosipila.fi\/en\/wp-json\/wp\/v2\/pages\/791\/revisions\/990"}],"wp:featuredmedia":[{"embeddable":true,"href":"https:\/\/maalaistalosipila.fi\/en\/wp-json\/wp\/v2\/media\/498"}],"wp:attachment":[{"href":"https:\/\/maalaistalosipila.fi\/en\/wp-json\/wp\/v2\/media?parent=791"}],"curies":[{"name":"wp","href":"https:\/\/api.w.org\/{rel}","templated":true}]}}